{"id":3174,"date":"2023-11-27T09:52:03","date_gmt":"2023-11-27T09:52:03","guid":{"rendered":"https:\/\/wespe-online.de\/?page_id=3174"},"modified":"2024-10-14T10:52:45","modified_gmt":"2024-10-14T10:52:45","slug":"verein-2","status":"publish","type":"page","link":"https:\/\/wespe-online.de\/?page_id=3174","title":{"rendered":"Kids in die Clubs"},"content":{"rendered":"\t\t<div data-elementor-type=\"wp-page\" data-elementor-id=\"3174\" class=\"elementor elementor-3174\" data-elementor-post-type=\"page\">\n\t\t\t\t<div class=\"elementor-element elementor-element-8cf07c1 e-flex e-con-boxed e-con e-parent\" data-id=\"8cf07c1\" data-element_type=\"container\">\n\t\t\t\t\t<div class=\"e-con-inner\">\n\t\t<div class=\"elementor-element elementor-element-ba401c8 e-con-full e-flex e-con e-child\" data-id=\"ba401c8\" data-element_type=\"container\">\n\t\t\t\t<div class=\"elementor-element elementor-element-26ec059 elementor-widget elementor-widget-image\" data-id=\"26ec059\" data-element_type=\"widget\" data-widget_type=\"image.default\">\n\t\t\t\t<div class=\"elementor-widget-container\">\n\t\t\t\t\t\t\t\t\t\t\t\t\t\t\t<img fetchpriority=\"high\" decoding=\"async\" width=\"300\" height=\"300\" src=\"https:\/\/wespe-online.de\/wp-content\/uploads\/2023\/11\/231026_HSJ_KIC_Social_Grafiken-300x300.jpg\" class=\"attachment-medium size-medium wp-image-3170\" alt=\"\" srcset=\"https:\/\/wespe-online.de\/wp-content\/uploads\/2023\/11\/231026_HSJ_KIC_Social_Grafiken-300x300.jpg 300w, https:\/\/wespe-online.de\/wp-content\/uploads\/2023\/11\/231026_HSJ_KIC_Social_Grafiken-1024x1024.jpg 1024w, https:\/\/wespe-online.de\/wp-content\/uploads\/2023\/11\/231026_HSJ_KIC_Social_Grafiken-150x150.jpg 150w, https:\/\/wespe-online.de\/wp-content\/uploads\/2023\/11\/231026_HSJ_KIC_Social_Grafiken-768x768.jpg 768w, https:\/\/wespe-online.de\/wp-content\/uploads\/2023\/11\/231026_HSJ_KIC_Social_Grafiken-600x600.jpg 600w, https:\/\/wespe-online.de\/wp-content\/uploads\/2023\/11\/231026_HSJ_KIC_Social_Grafiken-100x100.jpg 100w, https:\/\/wespe-online.de\/wp-content\/uploads\/2023\/11\/231026_HSJ_KIC_Social_Grafiken.jpg 1240w\" sizes=\"(max-width: 300px) 100vw, 300px\" \/>\t\t\t\t\t\t\t\t\t\t\t\t\t\t\t<\/div>\n\t\t\t\t<\/div>\n\t\t\t\t<\/div>\n\t\t\t\t\t<\/div>\n\t\t\t\t<\/div>\n\t\t<div class=\"elementor-element elementor-element-051b863 e-flex e-con-boxed e-con e-parent\" data-id=\"051b863\" data-element_type=\"container\">\n\t\t\t\t\t<div class=\"e-con-inner\">\n\t\t<div class=\"elementor-element elementor-element-785fd23 e-con-full e-flex e-con e-child\" data-id=\"785fd23\" data-element_type=\"container\">\n\t\t\t\t<div class=\"elementor-element elementor-element-535309c elementor-widget elementor-widget-spacer\" data-id=\"535309c\" data-element_type=\"widget\" data-widget_type=\"spacer.default\">\n\t\t\t\t<div class=\"elementor-widget-container\">\n\t\t\t\t\t\t\t<div class=\"elementor-spacer\">\n\t\t\t<div class=\"elementor-spacer-inner\"><\/div>\n\t\t<\/div>\n\t\t\t\t\t\t<\/div>\n\t\t\t\t<\/div>\n\t\t\t\t<\/div>\n\t\t\t\t\t<\/div>\n\t\t\t\t<\/div>\n\t\t<div class=\"elementor-element elementor-element-ee7635c e-flex e-con-boxed e-con e-parent\" data-id=\"ee7635c\" data-element_type=\"container\">\n\t\t\t\t\t<div class=\"e-con-inner\">\n\t\t<div class=\"elementor-element elementor-element-ddd8e7b e-con-full e-flex e-con e-child\" data-id=\"ddd8e7b\" data-element_type=\"container\">\n\t\t\t\t<div class=\"elementor-element elementor-element-c458442 elementor-widget elementor-widget-heading\" data-id=\"c458442\" data-element_type=\"widget\" data-widget_type=\"heading.default\">\n\t\t\t\t<div class=\"elementor-widget-container\">\n\t\t\t\t\t<h2 class=\"elementor-heading-title elementor-size-default\">Was ist Kids in die Clubs?<\/h2>\t\t\t\t<\/div>\n\t\t\t\t<\/div>\n\t\t\t\t<\/div>\n\t\t<div class=\"elementor-element elementor-element-e28003a e-con-full e-flex e-con e-child\" data-id=\"e28003a\" data-element_type=\"container\">\n\t\t\t\t<div class=\"elementor-element elementor-element-14c74c8 elementor-widget elementor-widget-text-editor\" data-id=\"14c74c8\" data-element_type=\"widget\" data-widget_type=\"text-editor.default\">\n\t\t\t\t<div class=\"elementor-widget-container\">\n\t\t\t\t\t\t\t\t\t<p><a href=\"http:\/\/kidsindieclubs.de\" target=\"_blank\" rel=\"noopener\">Kids in die Clubs<\/a> ist eine Aktion der <a href=\"https:\/\/www.hamburger-sportjugend.de\/\" target=\"_blank\" rel=\"noopener\">Hamburger Sportjugend<\/a> und wird \u00fcber die Beh\u00f6rde f\u00fcr <strong>Inneres und Sport (Landessportamt)<\/strong> finanziert. Kinder aus Familien mit <span style=\"text-decoration: underline;\">geringem Einkommen<\/span>, Pflegekinder und Kinder in \u00f6ffentlicher Erziehung k\u00f6nnen mit bis zu <strong>\u20ac 15,00\/Monat<\/strong> f\u00fcr eine kostenlose \/ beitragserm\u00e4\u00dfigte Sportvereinsmitgliedschaft unterst\u00fctzt werden.<\/p>\t\t\t\t\t\t\t\t<\/div>\n\t\t\t\t<\/div>\n\t\t\t\t<\/div>\n\t\t\t\t\t<\/div>\n\t\t\t\t<\/div>\n\t\t<div class=\"elementor-element elementor-element-3cfd9d7 e-flex e-con-boxed e-con e-parent\" data-id=\"3cfd9d7\" data-element_type=\"container\">\n\t\t\t\t\t<div class=\"e-con-inner\">\n\t\t<div class=\"elementor-element elementor-element-b75a7c7 e-con-full e-flex e-con e-child\" data-id=\"b75a7c7\" data-element_type=\"container\">\n\t\t\t\t<div class=\"elementor-element elementor-element-92fd2b8 elementor-widget elementor-widget-image\" data-id=\"92fd2b8\" data-element_type=\"widget\" data-widget_type=\"image.default\">\n\t\t\t\t<div class=\"elementor-widget-container\">\n\t\t\t\t\t\t\t\t\t\t\t\t\t\t\t<img decoding=\"async\" width=\"225\" height=\"225\" src=\"https:\/\/wespe-online.de\/wp-content\/uploads\/2023\/11\/db9f0ddf-7a6f-4c62-be59-742a51281eae-1.jpg\" class=\"attachment-large size-large wp-image-3181\" alt=\"\" srcset=\"https:\/\/wespe-online.de\/wp-content\/uploads\/2023\/11\/db9f0ddf-7a6f-4c62-be59-742a51281eae-1.jpg 225w, https:\/\/wespe-online.de\/wp-content\/uploads\/2023\/11\/db9f0ddf-7a6f-4c62-be59-742a51281eae-1-150x150.jpg 150w, https:\/\/wespe-online.de\/wp-content\/uploads\/2023\/11\/db9f0ddf-7a6f-4c62-be59-742a51281eae-1-100x100.jpg 100w\" sizes=\"(max-width: 225px) 100vw, 225px\" \/>\t\t\t\t\t\t\t\t\t\t\t\t\t\t\t<\/div>\n\t\t\t\t<\/div>\n\t\t\t\t<\/div>\n\t\t<div class=\"elementor-element elementor-element-30398d7 e-con-full e-flex e-con e-child\" data-id=\"30398d7\" data-element_type=\"container\">\n\t\t<div class=\"elementor-element elementor-element-68dae4c e-flex e-con-boxed e-con e-child\" data-id=\"68dae4c\" data-element_type=\"container\">\n\t\t\t\t\t<div class=\"e-con-inner\">\n\t\t\t\t<div class=\"elementor-element elementor-element-b2df2ac elementor-widget elementor-widget-heading\" data-id=\"b2df2ac\" data-element_type=\"widget\" data-widget_type=\"heading.default\">\n\t\t\t\t<div class=\"elementor-widget-container\">\n\t\t\t\t\t<h6 class=\"elementor-heading-title elementor-size-default\">Entscheide dich f\u00fcr uns als \"Dein Verein\".<\/h6>\t\t\t\t<\/div>\n\t\t\t\t<\/div>\n\t\t\t\t\t<\/div>\n\t\t\t\t<\/div>\n\t\t<div class=\"elementor-element elementor-element-2bee455 e-flex e-con-boxed e-con e-child\" data-id=\"2bee455\" data-element_type=\"container\">\n\t\t\t\t\t<div class=\"e-con-inner\">\n\t\t\t\t<div class=\"elementor-element elementor-element-e496c7b elementor-widget elementor-widget-text-editor\" data-id=\"e496c7b\" data-element_type=\"widget\" data-widget_type=\"text-editor.default\">\n\t\t\t\t<div class=\"elementor-widget-container\">\n\t\t\t\t\t\t\t\t\t<p>Spreche Daniel Franke, Adrian Cruz-Wieries oder Stephan Haack an. Sie helfen dir gern bei allen weiteren Fragen.<\/p>\t\t\t\t\t\t\t\t<\/div>\n\t\t\t\t<\/div>\n\t\t\t\t\t<\/div>\n\t\t\t\t<\/div>\n\t\t\t\t<\/div>\n\t\t\t\t\t<\/div>\n\t\t\t\t<\/div>\n\t\t<div class=\"elementor-element elementor-element-9fd49e4 e-flex e-con-boxed e-con e-parent\" data-id=\"9fd49e4\" data-element_type=\"container\">\n\t\t\t\t\t<div class=\"e-con-inner\">\n\t\t\t\t<div class=\"elementor-element elementor-element-782fd3a elementor-widget elementor-widget-spacer\" data-id=\"782fd3a\" data-element_type=\"widget\" data-widget_type=\"spacer.default\">\n\t\t\t\t<div class=\"elementor-widget-container\">\n\t\t\t\t\t\t\t<div class=\"elementor-spacer\">\n\t\t\t<div class=\"elementor-spacer-inner\"><\/div>\n\t\t<\/div>\n\t\t\t\t\t\t<\/div>\n\t\t\t\t<\/div>\n\t\t\t\t\t<\/div>\n\t\t\t\t<\/div>\n\t\t<div class=\"elementor-element elementor-element-57e30a4 e-flex e-con-boxed e-con e-parent\" data-id=\"57e30a4\" data-element_type=\"container\">\n\t\t\t\t\t<div class=\"e-con-inner\">\n\t\t<div class=\"elementor-element elementor-element-5e00e38 e-con-full e-flex e-con e-child\" data-id=\"5e00e38\" data-element_type=\"container\">\n\t\t\t\t<div class=\"elementor-element elementor-element-275cd3f elementor-widget elementor-widget-heading\" data-id=\"275cd3f\" data-element_type=\"widget\" data-widget_type=\"heading.default\">\n\t\t\t\t<div class=\"elementor-widget-container\">\n\t\t\t\t\t<h2 class=\"elementor-heading-title elementor-size-default\">Kontakte die dir Helfen<\/h2>\t\t\t\t<\/div>\n\t\t\t\t<\/div>\n\t\t\t\t<\/div>\n\t\t<div class=\"elementor-element elementor-element-e00d59d e-con-full e-flex e-con e-child\" data-id=\"e00d59d\" data-element_type=\"container\">\n\t\t\t\t<div class=\"elementor-element elementor-element-a5fc691 elementor-widget elementor-widget-text-editor\" data-id=\"a5fc691\" data-element_type=\"widget\" data-widget_type=\"text-editor.default\">\n\t\t\t\t<div class=\"elementor-widget-container\">\n\t\t\t\t\t\t\t\t\t<p><b>Daniel Franke<\/b> (Jugendwart)<\/p><p>Telefon Nr. 0177 \/ 259 721 4<\/p>\t\t\t\t\t\t\t\t<\/div>\n\t\t\t\t<\/div>\n\t\t\t\t<\/div>\n\t\t<div class=\"elementor-element elementor-element-4031736 e-con-full e-flex e-con e-child\" data-id=\"4031736\" data-element_type=\"container\">\n\t\t\t\t<div class=\"elementor-element elementor-element-e04d51d elementor-widget elementor-widget-text-editor\" data-id=\"e04d51d\" data-element_type=\"widget\" data-widget_type=\"text-editor.default\">\n\t\t\t\t<div class=\"elementor-widget-container\">\n\t\t\t\t\t\t\t\t\t<p><b>Adrian Cruz-Wieries<\/b> (Jugendwart)<\/p><p>Telefon Nr. 0179 \/ 677 920 6<\/p>\t\t\t\t\t\t\t\t<\/div>\n\t\t\t\t<\/div>\n\t\t\t\t<\/div>\n\t\t\t\t\t<\/div>\n\t\t\t\t<\/div>\n\t\t<div class=\"elementor-element elementor-element-cffa291 e-con-full e-flex e-con e-parent\" data-id=\"cffa291\" data-element_type=\"container\">\n\t\t\t\t<div class=\"elementor-element elementor-element-777c225 elementor-widget elementor-widget-text-editor\" data-id=\"777c225\" data-element_type=\"widget\" data-widget_type=\"text-editor.default\">\n\t\t\t\t<div class=\"elementor-widget-container\">\n\t\t\t\t\t\t\t\t\t<p style=\"text-align: center;\">Unter der Email-Adresse: <a href=\"mailto:Jugendwart@wespe-online.de\">jugendwart@wespe-online.de<\/a> erreicht ihr die beiden.<\/p>\t\t\t\t\t\t\t\t<\/div>\n\t\t\t\t<\/div>\n\t\t\t\t<\/div>\n\t\t\t\t<\/div>\n\t\t","protected":false},"excerpt":{"rendered":"<p>Was ist Kids in die Clubs? Kids in die Clubs ist eine Aktion der Hamburger Sportjugend und wird \u00fcber die Beh\u00f6rde f\u00fcr Inneres und Sport (Landessportamt) finanziert. Kinder aus Familien mit geringem Einkommen, Pflegekinder und Kinder in \u00f6ffentlicher Erziehung k\u00f6nnen mit bis zu \u20ac 15,00\/Monat f\u00fcr eine kostenlose \/ beitragserm\u00e4\u00dfigte Sportvereinsmitgliedschaft unterst\u00fctzt werden. Entscheide dich [&hellip;]<\/p>\n","protected":false},"author":1,"featured_media":0,"parent":0,"menu_order":0,"comment_status":"closed","ping_status":"closed","template":"","meta":{"footnotes":""},"jetpack_sharing_enabled":true,"_links":{"self":[{"href":"https:\/\/wespe-online.de\/index.php?rest_route=\/wp\/v2\/pages\/3174"}],"collection":[{"href":"https:\/\/wespe-online.de\/index.php?rest_route=\/wp\/v2\/pages"}],"about":[{"href":"https:\/\/wespe-online.de\/index.php?rest_route=\/wp\/v2\/types\/page"}],"author":[{"embeddable":true,"href":"https:\/\/wespe-online.de\/index.php?rest_route=\/wp\/v2\/users\/1"}],"replies":[{"embeddable":true,"href":"https:\/\/wespe-online.de\/index.php?rest_route=%2Fwp%2Fv2%2Fcomments&post=3174"}],"version-history":[{"count":18,"href":"https:\/\/wespe-online.de\/index.php?rest_route=\/wp\/v2\/pages\/3174\/revisions"}],"predecessor-version":[{"id":3387,"href":"https:\/\/wespe-online.de\/index.php?rest_route=\/wp\/v2\/pages\/3174\/revisions\/3387"}],"wp:attachment":[{"href":"https:\/\/wespe-online.de\/index.php?rest_route=%2Fwp%2Fv2%2Fmedia&parent=3174"}],"curies":[{"name":"wp","href":"https:\/\/api.w.org\/{rel}","templated":true}]}}